{"id":454,"date":"2021-06-10T09:03:04","date_gmt":"2021-06-10T07:03:04","guid":{"rendered":"https:\/\/ymoov.com\/?page_id=454"},"modified":"2021-10-14T20:22:36","modified_gmt":"2021-10-14T18:22:36","slug":"quienes-somos","status":"publish","type":"page","link":"https:\/\/ymoov.com\/es\/quienes-somos\/","title":{"rendered":"\u00bfQuienes Somos?"},"content":{"rendered":"\t\t<div data-elementor-type=\"wp-page\" data-elementor-id=\"454\" class=\"elementor elementor-454\">\n\t\t\t\t\t\t<section class=\"elementor-section elementor-top-section elementor-element elementor-element-d635588 elementor-section-height-full elementor-section-boxed elementor-section-height-default elementor-section-items-middle\" data-id=\"d635588\" data-element_type=\"section\" data-settings=\"{&quot;background_background&quot;:&quot;slideshow&quot;,&quot;background_slideshow_gallery&quot;:[{&quot;id&quot;:457,&quot;url&quot;:&quot;http:\\\/\\\/ymoov.com\\\/wp-content\\\/uploads\\\/2021\\\/06\\\/mediaWEB-scaled.jpg&quot;},{&quot;id&quot;:458,&quot;url&quot;:&quot;http:\\\/\\\/ymoov.com\\\/wp-content\\\/uploads\\\/2021\\\/06\\\/IMG_1839EditMin.jpg&quot;}],&quot;background_slideshow_slide_transition&quot;:&quot;slide_left&quot;,&quot;background_slideshow_loop&quot;:&quot;yes&quot;,&quot;background_slideshow_slide_duration&quot;:5000,&quot;background_slideshow_transition_duration&quot;:500,&quot;_ha_eqh_enable&quot;:false}\">\n\t\t\t\t\t\t<div class=\"elementor-container elementor-column-gap-default\">\n\t\t\t\t\t<div class=\"elementor-column elementor-col-100 elementor-top-column elementor-element elementor-element-518d1787\" data-id=\"518d1787\" data-element_type=\"column\">\n\t\t\t<div class=\"elementor-widget-wrap elementor-element-populated\">\n\t\t\t\t\t\t<div class=\"elementor-element elementor-element-540dd038 elementor-widget elementor-widget-heading\" data-id=\"540dd038\" data-element_type=\"widget\" data-widget_type=\"heading.default\">\n\t\t\t\t<div class=\"elementor-widget-container\">\n\t\t\t<h2 class=\"elementor-heading-title elementor-size-default\">Margareth Arias &amp; Adrian Serna<\/h2>\t\t<\/div>\n\t\t\t\t<\/div>\n\t\t\t\t<div class=\"elementor-element elementor-element-3e9258ec elementor-widget elementor-widget-heading\" data-id=\"3e9258ec\" data-element_type=\"widget\" data-widget_type=\"heading.default\">\n\t\t\t\t<div class=\"elementor-widget-container\">\n\t\t\t<h2 class=\"elementor-heading-title elementor-size-default\">El de los cables y la que los mueve<\/h2>\t\t<\/div>\n\t\t\t\t<\/div>\n\t\t\t\t\t<\/div>\n\t\t<\/div>\n\t\t\t\t\t<\/div>\n\t\t<\/section>\n\t\t\t\t<section class=\"elementor-section elementor-top-section elementor-element elementor-element-571d5062 elementor-section-full_width elementor-section-height-default elementor-section-height-default\" data-id=\"571d5062\" data-element_type=\"section\" data-settings=\"{&quot;_ha_eqh_enable&quot;:false}\">\n\t\t\t\t\t\t<div class=\"elementor-container elementor-column-gap-default\">\n\t\t\t\t\t<div class=\"elementor-column elementor-col-100 elementor-top-column elementor-element elementor-element-31d61157\" data-id=\"31d61157\" data-element_type=\"column\">\n\t\t\t<div class=\"elementor-widget-wrap elementor-element-populated\">\n\t\t\t\t\t\t<div class=\"elementor-element elementor-element-639a2708 elementor-widget elementor-widget-image\" data-id=\"639a2708\" data-element_type=\"widget\" data-widget_type=\"image.default\">\n\t\t\t\t<div class=\"elementor-widget-container\">\n\t\t\t\t\t\t\t\t\t\t\t\t\t<img fetchpriority=\"high\" decoding=\"async\" width=\"2560\" height=\"580\" src=\"https:\/\/ymoov.com\/wp-content\/uploads\/2020\/01\/DSC06492-scaled.jpg\" class=\"attachment-full size-full wp-image-227\" alt=\"\" srcset=\"https:\/\/ymoov.com\/wp-content\/uploads\/2020\/01\/DSC06492-scaled.jpg 2560w, https:\/\/ymoov.com\/wp-content\/uploads\/2020\/01\/DSC06492-300x68.jpg 300w, https:\/\/ymoov.com\/wp-content\/uploads\/2020\/01\/DSC06492-1024x232.jpg 1024w, https:\/\/ymoov.com\/wp-content\/uploads\/2020\/01\/DSC06492-768x174.jpg 768w, https:\/\/ymoov.com\/wp-content\/uploads\/2020\/01\/DSC06492-1536x348.jpg 1536w, https:\/\/ymoov.com\/wp-content\/uploads\/2020\/01\/DSC06492-2048x464.jpg 2048w, https:\/\/ymoov.com\/wp-content\/uploads\/2020\/01\/DSC06492-500x113.jpg 500w, https:\/\/ymoov.com\/wp-content\/uploads\/2020\/01\/DSC06492-800x181.jpg 800w, https:\/\/ymoov.com\/wp-content\/uploads\/2020\/01\/DSC06492-1280x290.jpg 1280w, https:\/\/ymoov.com\/wp-content\/uploads\/2020\/01\/DSC06492-1920x435.jpg 1920w, https:\/\/ymoov.com\/wp-content\/uploads\/2020\/01\/DSC06492-640x145.jpg 640w\" sizes=\"(max-width: 2560px) 100vw, 2560px\" \/>\t\t\t\t\t\t\t\t\t\t\t\t\t<\/div>\n\t\t\t\t<\/div>\n\t\t\t\t\t<\/div>\n\t\t<\/div>\n\t\t\t\t\t<\/div>\n\t\t<\/section>\n\t\t\t\t<section class=\"elementor-section elementor-top-section elementor-element elementor-element-4da31108 elementor-section-content-middle elementor-section-boxed elementor-section-height-default elementor-section-height-default\" data-id=\"4da31108\" data-element_type=\"section\" data-settings=\"{&quot;background_slideshow_gallery&quot;:[{&quot;id&quot;:462,&quot;url&quot;:&quot;http:\\\/\\\/ymoov.com\\\/wp-content\\\/uploads\\\/2021\\\/06\\\/ymoov.jpeg&quot;}],&quot;background_background&quot;:&quot;slideshow&quot;,&quot;background_slideshow_loop&quot;:&quot;yes&quot;,&quot;background_slideshow_slide_duration&quot;:5000,&quot;background_slideshow_slide_transition&quot;:&quot;fade&quot;,&quot;background_slideshow_transition_duration&quot;:500,&quot;_ha_eqh_enable&quot;:false}\">\n\t\t\t\t\t\t<div class=\"elementor-container elementor-column-gap-default\">\n\t\t\t\t\t<div class=\"elementor-column elementor-col-50 elementor-top-column elementor-element elementor-element-78f06e82\" data-id=\"78f06e82\" data-element_type=\"column\">\n\t\t\t<div class=\"elementor-widget-wrap elementor-element-populated\">\n\t\t\t\t\t\t<div class=\"elementor-element elementor-element-49d3aa58 elementor-widget elementor-widget-heading\" data-id=\"49d3aa58\" data-element_type=\"widget\" data-widget_type=\"heading.default\">\n\t\t\t\t<div class=\"elementor-widget-container\">\n\t\t\t<h2 class=\"elementor-heading-title elementor-size-default\">Ymoov<\/h2>\t\t<\/div>\n\t\t\t\t<\/div>\n\t\t\t\t<div class=\"elementor-element elementor-element-6c4f79c7 elementor-widget elementor-widget-heading\" data-id=\"6c4f79c7\" data-element_type=\"widget\" data-widget_type=\"heading.default\">\n\t\t\t\t<div class=\"elementor-widget-container\">\n\t\t\t<h2 class=\"elementor-heading-title elementor-size-default\">ART, BODY, SCIENCE & TECHNOLOGIE<\/h2>\t\t<\/div>\n\t\t\t\t<\/div>\n\t\t\t\t<div class=\"elementor-element elementor-element-ea42722 elementor-widget-divider--view-line elementor-widget elementor-widget-divider\" data-id=\"ea42722\" data-element_type=\"widget\" data-widget_type=\"divider.default\">\n\t\t\t\t<div class=\"elementor-widget-container\">\n\t\t\t\t\t<div class=\"elementor-divider\">\n\t\t\t<span class=\"elementor-divider-separator\">\n\t\t\t\t\t\t<\/span>\n\t\t<\/div>\n\t\t\t\t<\/div>\n\t\t\t\t<\/div>\n\t\t\t\t<div class=\"elementor-element elementor-element-3c7fc4d5 elementor-widget elementor-widget-text-editor\" data-id=\"3c7fc4d5\" data-element_type=\"widget\" data-widget_type=\"text-editor.default\">\n\t\t\t\t<div class=\"elementor-widget-container\">\n\t\t\t\t\t\t\t<p><span style=\"color: #ffffff;\">Somos una Compa\u00f1\u00eda art\u00edstica transdisciplinar que investiga y explora el di\u00e1logo entre el arte, la ciencia, el cuerpo y la tecnolog\u00eda.<\/span><span style=\"color: #ffffff;\"><br \/><\/span><\/p><p><span style=\"color: #ffffff;\">Ymoov nace en 2015, inicialmente llamada ConCuerpoYmov, dirigido por la artista esc\u00e9nica Margareth Arias y el artista digital Adri\u00e1n Serna. Nuestro p<\/span><span style=\"color: #ffffff; font-family: var( --e-global-typography-text-font-family ), Exo; font-weight: var( --e-global-typography-text-font-weight ); font-size: 1rem;\">roceso de investigaci\u00f3n est\u00e1 basado en la co-creaci\u00f3n, donde cada una de nuestras piezas consiste en una instal-acci\u00f3n* contemplada como un m\u00f3dulo de un conjunto m\u00e1s grande, que define continuamente la compa\u00f1\u00eda.<\/span><\/p><p><span style=\"color: #ffffff;\"><em>*(T\u00e9rmino en\u00a0<\/em><\/span><em style=\"font-family: var( --e-global-typography-text-font-family ), Exo; font-weight: var( --e-global-typography-text-font-weight ); font-size: 1rem; color: #ffffff;\">Ymoov nos referimos<\/em><em style=\"color: #ffffff; font-family: var( --e-global-typography-text-font-family ), Exo; font-weight: var( --e-global-typography-text-font-weight ); font-size: 1rem;\">\u00a0a una instalaci\u00f3n que ha sido dise\u00f1ada para contener y funcionar a partir de un performance)<\/em><\/p>\t\t\t\t\t\t<\/div>\n\t\t\t\t<\/div>\n\t\t\t\t\t<\/div>\n\t\t<\/div>\n\t\t\t\t<div class=\"elementor-column elementor-col-50 elementor-top-column elementor-element elementor-element-66dbc145\" data-id=\"66dbc145\" data-element_type=\"column\">\n\t\t\t<div class=\"elementor-widget-wrap\">\n\t\t\t\t\t\t\t<\/div>\n\t\t<\/div>\n\t\t\t\t\t<\/div>\n\t\t<\/section>\n\t\t\t\t<section class=\"elementor-section elementor-top-section elementor-element elementor-element-2f9f6e69 elementor-section-boxed elementor-section-height-default elementor-section-height-default\" data-id=\"2f9f6e69\" data-element_type=\"section\" data-settings=\"{&quot;_ha_eqh_enable&quot;:false}\">\n\t\t\t\t\t\t<div class=\"elementor-container elementor-column-gap-default\">\n\t\t\t\t\t<div class=\"elementor-column elementor-col-33 elementor-top-column elementor-element elementor-element-59f91260\" data-id=\"59f91260\" data-element_type=\"column\">\n\t\t\t<div class=\"elementor-widget-wrap elementor-element-populated\">\n\t\t\t\t\t\t<div class=\"elementor-element elementor-element-746af311 elementor-widget-divider--view-line elementor-widget elementor-widget-divider\" data-id=\"746af311\" data-element_type=\"widget\" data-widget_type=\"divider.default\">\n\t\t\t\t<div class=\"elementor-widget-container\">\n\t\t\t\t\t<div class=\"elementor-divider\">\n\t\t\t<span class=\"elementor-divider-separator\">\n\t\t\t\t\t\t<\/span>\n\t\t<\/div>\n\t\t\t\t<\/div>\n\t\t\t\t<\/div>\n\t\t\t\t<div class=\"elementor-element elementor-element-791667e1 elementor-widget elementor-widget-image\" data-id=\"791667e1\" data-element_type=\"widget\" data-widget_type=\"image.default\">\n\t\t\t\t<div class=\"elementor-widget-container\">\n\t\t\t\t\t\t\t\t\t\t\t\t\t<img decoding=\"async\" src=\"https:\/\/ymoov.com\/wp-content\/uploads\/2021\/06\/adrian.jpg\" title=\"adrian\" alt=\"adrian\" loading=\"lazy\" \/>\t\t\t\t\t\t\t\t\t\t\t\t\t<\/div>\n\t\t\t\t<\/div>\n\t\t\t\t\t<\/div>\n\t\t<\/div>\n\t\t\t\t<div class=\"elementor-column elementor-col-33 elementor-top-column elementor-element elementor-element-1851a52\" data-id=\"1851a52\" data-element_type=\"column\">\n\t\t\t<div class=\"elementor-widget-wrap elementor-element-populated\">\n\t\t\t\t\t\t<div class=\"elementor-element elementor-element-f8c9ab5 elementor-widget-divider--view-line elementor-widget elementor-widget-divider\" data-id=\"f8c9ab5\" data-element_type=\"widget\" data-widget_type=\"divider.default\">\n\t\t\t\t<div class=\"elementor-widget-container\">\n\t\t\t\t\t<div class=\"elementor-divider\">\n\t\t\t<span class=\"elementor-divider-separator\">\n\t\t\t\t\t\t<\/span>\n\t\t<\/div>\n\t\t\t\t<\/div>\n\t\t\t\t<\/div>\n\t\t\t\t<div class=\"elementor-element elementor-element-34883bdb elementor-widget elementor-widget-image\" data-id=\"34883bdb\" data-element_type=\"widget\" data-widget_type=\"image.default\">\n\t\t\t\t<div class=\"elementor-widget-container\">\n\t\t\t\t\t\t\t\t\t\t\t\t\t<img decoding=\"async\" width=\"1536\" height=\"2048\" src=\"https:\/\/ymoov.com\/wp-content\/uploads\/2021\/06\/marga.jpeg\" class=\"attachment-full size-full wp-image-460\" alt=\"\" srcset=\"https:\/\/ymoov.com\/wp-content\/uploads\/2021\/06\/marga.jpeg 1536w, https:\/\/ymoov.com\/wp-content\/uploads\/2021\/06\/marga-225x300.jpeg 225w, https:\/\/ymoov.com\/wp-content\/uploads\/2021\/06\/marga-768x1024.jpeg 768w, https:\/\/ymoov.com\/wp-content\/uploads\/2021\/06\/marga-1152x1536.jpeg 1152w, https:\/\/ymoov.com\/wp-content\/uploads\/2021\/06\/marga-500x667.jpeg 500w, https:\/\/ymoov.com\/wp-content\/uploads\/2021\/06\/marga-800x1067.jpeg 800w, https:\/\/ymoov.com\/wp-content\/uploads\/2021\/06\/marga-1280x1707.jpeg 1280w\" sizes=\"(max-width: 1536px) 100vw, 1536px\" \/>\t\t\t\t\t\t\t\t\t\t\t\t\t<\/div>\n\t\t\t\t<\/div>\n\t\t\t\t\t<\/div>\n\t\t<\/div>\n\t\t\t\t<div class=\"elementor-column elementor-col-33 elementor-top-column elementor-element elementor-element-35c95406\" data-id=\"35c95406\" data-element_type=\"column\">\n\t\t\t<div class=\"elementor-widget-wrap elementor-element-populated\">\n\t\t\t\t\t\t<div class=\"elementor-element elementor-element-5a69441f elementor-widget-divider--view-line elementor-widget elementor-widget-divider\" data-id=\"5a69441f\" data-element_type=\"widget\" data-widget_type=\"divider.default\">\n\t\t\t\t<div class=\"elementor-widget-container\">\n\t\t\t\t\t<div class=\"elementor-divider\">\n\t\t\t<span class=\"elementor-divider-separator\">\n\t\t\t\t\t\t<\/span>\n\t\t<\/div>\n\t\t\t\t<\/div>\n\t\t\t\t<\/div>\n\t\t\t\t<div class=\"elementor-element elementor-element-424b8e9c elementor-widget elementor-widget-text-editor\" data-id=\"424b8e9c\" data-element_type=\"widget\" data-widget_type=\"text-editor.default\">\n\t\t\t\t<div class=\"elementor-widget-container\">\n\t\t\t\t\t\t\t<p>Nuestro trabajo nos ha llevado a participar en distintos contextos alrededor de las artes y la ciencia, como Centro Europeo de Investigaci\u00f3n nuclear CERN, gracias al programa Surat\u00f3mica, con el apoyo de Art@CMS y apoyada por el Ministerio de Cultura de Colombia, para la concepci\u00f3n de <a href=\"https:\/\/ymoov.com\/primer-cero\/\">Primer Cero<\/a>.<\/p><p>\u00a0<\/p><p>Tambi\u00e9n en el FIU Music festival Miami 2017, con la obra \u201cThe Plage Last Dance\u201d en colaboraci\u00f3n con el Dr. H\u00e9ctor Bol\u00edvar, especialista en enfermedades infecciosas y miembro de la Facultad de Medicina de la Universidad de Miami; el VII Festival Algoimagen en Costa Rica, con el apoyo de la beca de circulaci\u00f3n internacional del Ministerio de Cultura 2018 y el X Festival Danza en la ciudad 2017; residencia de creaci\u00f3n art\u00edstica en el Santa Maria workshop center en Heleta &#8211; Francia; l<span style=\"color: var( --e-global-color-text ); font-family: var( --e-global-typography-text-font-family ), Exo; font-weight: var( --e-global-typography-text-font-weight );\">aboratorio Interactivo de Danza y Tecnolog\u00eda 2016 de IDARTES y Poliedro Bogot\u00e1 en la l\u00ednea estrat\u00e9gica de Arte, Ciencia y Tecnolog\u00eda; virtual Pandemia Digital, invitados por el colectivo Unknow Profile de Me\u0301xico; la C\u00e1tedra de Arte y Ciencia organizada por la Facultad de Ciencias de la universidad Nacional de Colombia 2020; entre otros.<\/span><\/p><div><span style=\"color: var( --e-global-color-text ); font-family: var( --e-global-typography-text-font-family ), Exo; font-weight: var( --e-global-typography-text-font-weight );\">\u00a0<\/span><\/div>\t\t\t\t\t\t<\/div>\n\t\t\t\t<\/div>\n\t\t\t\t\t<\/div>\n\t\t<\/div>\n\t\t\t\t\t<\/div>\n\t\t<\/section>\n\t\t\t\t<section class=\"elementor-section elementor-top-section elementor-element elementor-element-3acc87b1 elementor-section-height-full elementor-section-boxed elementor-section-height-default elementor-section-items-middle\" data-id=\"3acc87b1\" data-element_type=\"section\" data-settings=\"{&quot;background_background&quot;:&quot;slideshow&quot;,&quot;background_slideshow_gallery&quot;:[{&quot;id&quot;:228,&quot;url&quot;:&quot;http:\\\/\\\/ymoov.com\\\/wp-content\\\/uploads\\\/2020\\\/01\\\/IMG_8000.jpg&quot;}],&quot;background_slideshow_loop&quot;:&quot;yes&quot;,&quot;background_slideshow_slide_duration&quot;:5000,&quot;background_slideshow_slide_transition&quot;:&quot;fade&quot;,&quot;background_slideshow_transition_duration&quot;:500,&quot;_ha_eqh_enable&quot;:false}\">\n\t\t\t\t\t\t<div class=\"elementor-container elementor-column-gap-default\">\n\t\t\t\t\t<div class=\"elementor-column elementor-col-100 elementor-top-column elementor-element elementor-element-2c9d341f\" data-id=\"2c9d341f\" data-element_type=\"column\">\n\t\t\t<div class=\"elementor-widget-wrap elementor-element-populated\">\n\t\t\t\t\t\t<div class=\"elementor-element elementor-element-7688420e elementor-widget elementor-widget-heading\" data-id=\"7688420e\" data-element_type=\"widget\" data-widget_type=\"heading.default\">\n\t\t\t\t<div class=\"elementor-widget-container\">\n\t\t\t<h2 class=\"elementor-heading-title elementor-size-default\">Ymoov<\/h2>\t\t<\/div>\n\t\t\t\t<\/div>\n\t\t\t\t<div class=\"elementor-element elementor-element-2cf607b0 elementor-widget elementor-widget-heading\" data-id=\"2cf607b0\" data-element_type=\"widget\" data-widget_type=\"heading.default\">\n\t\t\t\t<div class=\"elementor-widget-container\">\n\t\t\t<h2 class=\"elementor-heading-title elementor-size-default\">Art, <br>body, <br>science &amp; <br>technologie<\/h2>\t\t<\/div>\n\t\t\t\t<\/div>\n\t\t\t\t\t<\/div>\n\t\t<\/div>\n\t\t\t\t\t<\/div>\n\t\t<\/section>\n\t\t\t\t<\/div>\n\t\t","protected":false},"excerpt":{"rendered":"<p>Margareth Arias &amp; Adrian Serna El de los cables y la que los mueve Ymoov ART, BODY, SCIENCE &#038; TECHNOLOGIE Somos una Compa\u00f1\u00eda art\u00edstica transdisciplinar que investiga y explora el di\u00e1logo entre el arte, la ciencia, el cuerpo y la tecnolog\u00eda. Ymoov nace en 2015, inicialmente llamada ConCuerpoYmov, dirigido por la artista esc\u00e9nica Margareth Arias [&hellip;]<\/p>\n","protected":false},"author":1,"featured_media":0,"parent":0,"menu_order":0,"comment_status":"closed","ping_status":"closed","template":"elementor_header_footer","meta":{"_vp_format_video_url":"","_vp_image_focal_point":[]},"_links":{"self":[{"href":"https:\/\/ymoov.com\/es\/wp-json\/wp\/v2\/pages\/454"}],"collection":[{"href":"https:\/\/ymoov.com\/es\/wp-json\/wp\/v2\/pages"}],"about":[{"href":"https:\/\/ymoov.com\/es\/wp-json\/wp\/v2\/types\/page"}],"author":[{"embeddable":true,"href":"https:\/\/ymoov.com\/es\/wp-json\/wp\/v2\/users\/1"}],"replies":[{"embeddable":true,"href":"https:\/\/ymoov.com\/es\/wp-json\/wp\/v2\/comments?post=454"}],"version-history":[{"count":0,"href":"https:\/\/ymoov.com\/es\/wp-json\/wp\/v2\/pages\/454\/revisions"}],"wp:attachment":[{"href":"https:\/\/ymoov.com\/es\/wp-json\/wp\/v2\/media?parent=454"}],"curies":[{"name":"wp","href":"https:\/\/api.w.org\/{rel}","templated":true}]}}