{"id":1006,"date":"2022-01-18T13:44:27","date_gmt":"2022-01-18T18:44:27","guid":{"rendered":"https:\/\/ymoov.com\/?page_id=1006"},"modified":"2022-03-25T03:56:38","modified_gmt":"2022-03-25T08:56:38","slug":"primer-cero-repository","status":"publish","type":"page","link":"https:\/\/ymoov.com\/es\/repositories\/primer-cero-repository\/","title":{"rendered":"Primer Cero\u200b"},"content":{"rendered":"\t\t<div data-elementor-type=\"wp-page\" data-elementor-id=\"1006\" class=\"elementor elementor-1006\">\n\t\t\t\t\t\t<section class=\"elementor-section elementor-top-section elementor-element elementor-element-6137c870 elementor-section-height-min-height elementor-section-boxed elementor-section-height-default elementor-section-items-middle\" data-id=\"6137c870\" data-element_type=\"section\" data-settings=\"{&quot;background_background&quot;:&quot;classic&quot;,&quot;_ha_eqh_enable&quot;:false}\">\n\t\t\t\t\t\t<div class=\"elementor-container elementor-column-gap-default\">\n\t\t\t\t\t<div class=\"elementor-column elementor-col-100 elementor-top-column elementor-element elementor-element-1ac7e0e\" data-id=\"1ac7e0e\" data-element_type=\"column\">\n\t\t\t<div class=\"elementor-widget-wrap elementor-element-populated\">\n\t\t\t\t\t\t<div class=\"elementor-element elementor-element-23e948f elementor-widget elementor-widget-spacer\" data-id=\"23e948f\" data-element_type=\"widget\" data-widget_type=\"spacer.default\">\n\t\t\t\t<div class=\"elementor-widget-container\">\n\t\t\t\t\t<div class=\"elementor-spacer\">\n\t\t\t<div class=\"elementor-spacer-inner\"><\/div>\n\t\t<\/div>\n\t\t\t\t<\/div>\n\t\t\t\t<\/div>\n\t\t\t\t<div class=\"elementor-element elementor-element-2dd010fc elementor-widget elementor-widget-heading\" data-id=\"2dd010fc\" data-element_type=\"widget\" data-widget_type=\"heading.default\">\n\t\t\t\t<div class=\"elementor-widget-container\">\n\t\t\t<h2 class=\"elementor-heading-title elementor-size-default\">Primer Cero<\/h2>\t\t<\/div>\n\t\t\t\t<\/div>\n\t\t\t\t<div class=\"elementor-element elementor-element-34db629b elementor-widget elementor-widget-heading\" data-id=\"34db629b\" data-element_type=\"widget\" data-widget_type=\"heading.default\">\n\t\t\t\t<div class=\"elementor-widget-container\">\n\t\t\t<h2 class=\"elementor-heading-title elementor-size-default\">Repositorio<\/h2>\t\t<\/div>\n\t\t\t\t<\/div>\n\t\t\t\t<section class=\"elementor-section elementor-inner-section elementor-element elementor-element-a17dfe0 elementor-section-boxed elementor-section-height-default elementor-section-height-default\" data-id=\"a17dfe0\" data-element_type=\"section\" data-settings=\"{&quot;background_background&quot;:&quot;classic&quot;,&quot;_ha_eqh_enable&quot;:false}\">\n\t\t\t\t\t\t<div class=\"elementor-container elementor-column-gap-default\">\n\t\t\t\t\t<div class=\"elementor-column elementor-col-100 elementor-inner-column elementor-element elementor-element-08d5685\" data-id=\"08d5685\" data-element_type=\"column\">\n\t\t\t<div class=\"elementor-widget-wrap elementor-element-populated\">\n\t\t\t\t\t\t<div class=\"elementor-element elementor-element-5115c0a elementor-widget elementor-widget-text-editor\" data-id=\"5115c0a\" data-element_type=\"widget\" data-widget_type=\"text-editor.default\">\n\t\t\t\t<div class=\"elementor-widget-container\">\n\t\t\t\t\t\t\t<p>Desde la compa\u00f1\u00eda Ymoov, nos complace hacer p\u00fablico todos los componentes que conforman nuestra m\u00e1s reciente creaci\u00f3n\u00a0<b>Primer Cero<\/b>: una insta-acci\u00f3n transdisciplinar que integra danza, ciencia y tecnolog\u00eda e invita a reflexionar sobre la concepci\u00f3n de nuestro Origen.<\/p><p>Nuestra obra cuenta con un formato*Open Source*, lo que significa que todos los desarrollos de la pieza son liberados bajo una licencia Cr\u00e9ative Commons, lo que permite que cualquier usuario pueda reproducir, usar y\/o modificar de manera parcial o total, cada componente que constituye la obra.\u00a0<\/p><p>Este formato est\u00e1 dirigido principalmente a usuarios\u00a0 implicados en la creaci\u00f3n, en la investigaci\u00f3n o en la educaci\u00f3n, que esperan consumir la obra m\u00e1s profundamente que cualquier espectador.<\/p><p>El repositorio hace posible el acceso a la informaci\u00f3n; almacenando en un servidor de manera ordenada cada uno de los componentes, documentando la forma en la que se relaciona cada parte y permitiendo el entorno para que crezca una comunidad que se realimente y colabore mutuamente.\u00a0<\/p><p>Nos sentimos emocionados de liberar los contenidos y esperamos que cada persona que as\u00ed lo desee, pueda acceder a la parte m\u00e1s \u00edntima de cada componente que constituye la obra, descifrar su concepto, su funcionamiento y sus fuentes para poder transformarlo y o evolucionarlo.<\/p><p>Adicionalmente, para exponer tus dudas y comentarios, tienes a disposici\u00f3n la siguiente <a href=\"http:\/\/creacionarteciencia.online\/index.php\/Repositorio_Primer_Cero\">wiki<\/a>.<\/p>\t\t\t\t\t\t<\/div>\n\t\t\t\t<\/div>\n\t\t\t\t\t<\/div>\n\t\t<\/div>\n\t\t\t\t\t<\/div>\n\t\t<\/section>\n\t\t\t\t<div class=\"elementor-element elementor-element-94cec43 elementor-widget elementor-widget-shortcode\" data-id=\"94cec43\" data-element_type=\"widget\" data-widget_type=\"shortcode.default\">\n\t\t\t\t<div class=\"elementor-widget-container\">\n\t\t\t\t\t<div class=\"elementor-shortcode\"><div id=\"file_manager_advanced\"><\/div><\/div>\n\t\t\t\t<\/div>\n\t\t\t\t<\/div>\n\t\t\t\t<div class=\"elementor-element elementor-element-b3f5141 elementor-widget elementor-widget-spacer\" data-id=\"b3f5141\" data-element_type=\"widget\" data-widget_type=\"spacer.default\">\n\t\t\t\t<div class=\"elementor-widget-container\">\n\t\t\t\t\t<div class=\"elementor-spacer\">\n\t\t\t<div class=\"elementor-spacer-inner\"><\/div>\n\t\t<\/div>\n\t\t\t\t<\/div>\n\t\t\t\t<\/div>\n\t\t\t\t\t<\/div>\n\t\t<\/div>\n\t\t\t\t\t<\/div>\n\t\t<\/section>\n\t\t\t\t<section class=\"elementor-section elementor-top-section elementor-element elementor-element-64eb4850 elementor-section-height-full elementor-section-boxed elementor-section-height-default elementor-section-items-middle\" data-id=\"64eb4850\" data-element_type=\"section\" data-settings=\"{&quot;background_background&quot;:&quot;slideshow&quot;,&quot;background_slideshow_gallery&quot;:[{&quot;id&quot;:410,&quot;url&quot;:&quot;http:\\\/\\\/ymoov.com\\\/wp-content\\\/uploads\\\/2021\\\/06\\\/AsintotaRegistroSite.jpg&quot;}],&quot;background_slideshow_loop&quot;:&quot;yes&quot;,&quot;background_slideshow_slide_duration&quot;:5000,&quot;background_slideshow_slide_transition&quot;:&quot;fade&quot;,&quot;background_slideshow_transition_duration&quot;:500,&quot;_ha_eqh_enable&quot;:false}\">\n\t\t\t\t\t\t<div class=\"elementor-container elementor-column-gap-default\">\n\t\t\t\t\t<div class=\"elementor-column elementor-col-100 elementor-top-column elementor-element elementor-element-48144b6a\" data-id=\"48144b6a\" data-element_type=\"column\">\n\t\t\t<div class=\"elementor-widget-wrap elementor-element-populated\">\n\t\t\t\t\t\t<div class=\"elementor-element elementor-element-6414229d elementor-widget elementor-widget-heading\" data-id=\"6414229d\" data-element_type=\"widget\" data-widget_type=\"heading.default\">\n\t\t\t\t<div class=\"elementor-widget-container\">\n\t\t\t<h2 class=\"elementor-heading-title elementor-size-default\">Ymoov<\/h2>\t\t<\/div>\n\t\t\t\t<\/div>\n\t\t\t\t<div class=\"elementor-element elementor-element-8f0a82 elementor-widget elementor-widget-heading\" data-id=\"8f0a82\" data-element_type=\"widget\" data-widget_type=\"heading.default\">\n\t\t\t\t<div class=\"elementor-widget-container\">\n\t\t\t<h2 class=\"elementor-heading-title elementor-size-default\">Art, <br>body, <br>science &amp; <br>technologie<\/h2>\t\t<\/div>\n\t\t\t\t<\/div>\n\t\t\t\t\t<\/div>\n\t\t<\/div>\n\t\t\t\t\t<\/div>\n\t\t<\/section>\n\t\t\t\t<section class=\"elementor-section elementor-top-section elementor-element elementor-element-6bac5087 elementor-section-full_width elementor-section-height-default elementor-section-height-default\" data-id=\"6bac5087\" data-element_type=\"section\" data-settings=\"{&quot;_ha_eqh_enable&quot;:false}\">\n\t\t\t\t\t\t<div class=\"elementor-container elementor-column-gap-default\">\n\t\t\t\t\t<div class=\"elementor-column elementor-col-100 elementor-top-column elementor-element elementor-element-7baef7e5\" data-id=\"7baef7e5\" data-element_type=\"column\">\n\t\t\t<div class=\"elementor-widget-wrap elementor-element-populated\">\n\t\t\t\t\t\t<section class=\"elementor-section elementor-inner-section elementor-element elementor-element-6cf2244b elementor-section-boxed elementor-section-height-default elementor-section-height-default\" data-id=\"6cf2244b\" data-element_type=\"section\" data-settings=\"{&quot;_ha_eqh_enable&quot;:false}\">\n\t\t\t\t\t\t<div class=\"elementor-container elementor-column-gap-wide\">\n\t\t\t\t\t<div class=\"elementor-column elementor-col-33 elementor-inner-column elementor-element elementor-element-73960fb2\" data-id=\"73960fb2\" data-element_type=\"column\">\n\t\t\t<div class=\"elementor-widget-wrap elementor-element-populated\">\n\t\t\t\t\t\t<div class=\"elementor-element elementor-element-5bc738ac elementor-widget elementor-widget-spacer\" data-id=\"5bc738ac\" data-element_type=\"widget\" data-widget_type=\"spacer.default\">\n\t\t\t\t<div class=\"elementor-widget-container\">\n\t\t\t\t\t<div class=\"elementor-spacer\">\n\t\t\t<div class=\"elementor-spacer-inner\"><\/div>\n\t\t<\/div>\n\t\t\t\t<\/div>\n\t\t\t\t<\/div>\n\t\t\t\t<div class=\"elementor-element elementor-element-7f623fa8 elementor-widget elementor-widget-heading\" data-id=\"7f623fa8\" data-element_type=\"widget\" data-widget_type=\"heading.default\">\n\t\t\t\t<div class=\"elementor-widget-container\">\n\t\t\t<h2 class=\"elementor-heading-title elementor-size-default\">Direcci\u00f3n e idea original<\/h2>\t\t<\/div>\n\t\t\t\t<\/div>\n\t\t\t\t<div class=\"elementor-element elementor-element-f2eb9ad elementor-widget elementor-widget-heading\" data-id=\"f2eb9ad\" data-element_type=\"widget\" data-widget_type=\"heading.default\">\n\t\t\t\t<div class=\"elementor-widget-container\">\n\t\t\t<h2 class=\"elementor-heading-title elementor-size-default\">El de los cables y la que los mueve<\/h2>\t\t<\/div>\n\t\t\t\t<\/div>\n\t\t\t\t\t<\/div>\n\t\t<\/div>\n\t\t\t\t<div class=\"elementor-column elementor-col-33 elementor-inner-column elementor-element elementor-element-3260de2d\" data-id=\"3260de2d\" data-element_type=\"column\">\n\t\t\t<div class=\"elementor-widget-wrap elementor-element-populated\">\n\t\t\t\t\t\t<div class=\"elementor-element elementor-element-66ac3dbb elementor-widget elementor-widget-ha-member happy-addon ha-member\" data-id=\"66ac3dbb\" data-element_type=\"widget\" data-widget_type=\"ha-member.default\">\n\t\t\t\t<div class=\"elementor-widget-container\">\n\t\t\t\n\t\t\t\t\t<figure class=\"ha-member-figure\">\n\t\t\t\t<img fetchpriority=\"high\" width=\"768\" height=\"771\" src=\"https:\/\/ymoov.com\/wp-content\/uploads\/2019\/09\/marga-e1647405840699-768x771.jpeg\" class=\"elementor-animation-disable-animation attachment-medium_large size-medium_large wp-image-1476\" alt=\"\" decoding=\"async\" srcset=\"https:\/\/ymoov.com\/wp-content\/uploads\/2019\/09\/marga-e1647405840699-768x771.jpeg 768w, https:\/\/ymoov.com\/wp-content\/uploads\/2019\/09\/marga-e1647405840699-300x300.jpeg 300w, https:\/\/ymoov.com\/wp-content\/uploads\/2019\/09\/marga-e1647405840699-150x150.jpeg 150w, https:\/\/ymoov.com\/wp-content\/uploads\/2019\/09\/marga-e1647405840699-500x502.jpeg 500w, https:\/\/ymoov.com\/wp-content\/uploads\/2019\/09\/marga-e1647405840699.jpeg 775w\" sizes=\"(max-width: 768px) 100vw, 768px\" \/>\t\t\t<\/figure>\n\t\t\n\t\t<div class=\"ha-member-body\">\n\t\t\t<h2 class=\"ha-member-name\">Margareth Arias<\/h2>\n\t\t\t\t\t\t\t<div class=\"ha-member-position\">Art\u00edsta esc\u00e9nica, <br>bailarina int\u00e9rprete y performer<\/div>\n\t\t\t\n\t\t\t\n\t\t\t\n\t\t\t\n\t\t\t\t\t<\/div>\n\t\t\t\t<\/div>\n\t\t\t\t<\/div>\n\t\t\t\t\t<\/div>\n\t\t<\/div>\n\t\t\t\t<div class=\"elementor-column elementor-col-33 elementor-inner-column elementor-element elementor-element-5e1fef4e\" data-id=\"5e1fef4e\" data-element_type=\"column\">\n\t\t\t<div class=\"elementor-widget-wrap elementor-element-populated\">\n\t\t\t\t\t\t<div class=\"elementor-element elementor-element-7049da2a elementor-widget elementor-widget-ha-member happy-addon ha-member\" data-id=\"7049da2a\" data-element_type=\"widget\" data-widget_type=\"ha-member.default\">\n\t\t\t\t<div class=\"elementor-widget-container\">\n\t\t\t\n\t\t\t\t\t<figure class=\"ha-member-figure\">\n\t\t\t\t<img width=\"768\" height=\"790\" src=\"https:\/\/ymoov.com\/wp-content\/uploads\/2020\/01\/retrato-768x790.jpg\" class=\"elementor-animation-disable-animation attachment-medium_large size-medium_large wp-image-289\" alt=\"\" decoding=\"async\" srcset=\"https:\/\/ymoov.com\/wp-content\/uploads\/2020\/01\/retrato-768x790.jpg 768w, https:\/\/ymoov.com\/wp-content\/uploads\/2020\/01\/retrato-292x300.jpg 292w, https:\/\/ymoov.com\/wp-content\/uploads\/2020\/01\/retrato-995x1024.jpg 995w, https:\/\/ymoov.com\/wp-content\/uploads\/2020\/01\/retrato-500x514.jpg 500w, https:\/\/ymoov.com\/wp-content\/uploads\/2020\/01\/retrato-800x823.jpg 800w, https:\/\/ymoov.com\/wp-content\/uploads\/2020\/01\/retrato-525x540.jpg 525w, https:\/\/ymoov.com\/wp-content\/uploads\/2020\/01\/retrato.jpg 1210w\" sizes=\"(max-width: 768px) 100vw, 768px\" \/>\t\t\t<\/figure>\n\t\t\n\t\t<div class=\"ha-member-body\">\n\t\t\t<h2 class=\"ha-member-name\">Adri\u00e1n Serna<\/h2>\n\t\t\t\t\t\t\t<div class=\"ha-member-position\">Artista electroico: d<span style=\"font-family: Roboto, sans-serif;font-size: 10pt;font-weight: var( --e-global-typography-text-font-weight )\">esarrollador <\/span><br><span style=\"font-family: Roboto, sans-serif;font-size: 10pt;font-weight: var( --e-global-typography-text-font-weight )\">de tecnolog\u00eda para el arte<\/span><br><\/div>\n\t\t\t\n\t\t\t\n\t\t\t\n\t\t\t\n\t\t\t\t\t<\/div>\n\t\t\t\t<\/div>\n\t\t\t\t<\/div>\n\t\t\t\t\t<\/div>\n\t\t<\/div>\n\t\t\t\t\t<\/div>\n\t\t<\/section>\n\t\t\t\t<section class=\"elementor-section elementor-inner-section elementor-element elementor-element-15d9643b elementor-section-boxed elementor-section-height-default elementor-section-height-default\" data-id=\"15d9643b\" data-element_type=\"section\" data-settings=\"{&quot;_ha_eqh_enable&quot;:false}\">\n\t\t\t\t\t\t<div class=\"elementor-container elementor-column-gap-wide\">\n\t\t\t\t\t<div class=\"elementor-column elementor-col-25 elementor-inner-column elementor-element elementor-element-5c3fa6b\" data-id=\"5c3fa6b\" data-element_type=\"column\">\n\t\t\t<div class=\"elementor-widget-wrap elementor-element-populated\">\n\t\t\t\t\t\t<div class=\"elementor-element elementor-element-7a1be543 elementor-widget elementor-widget-ha-member happy-addon ha-member\" data-id=\"7a1be543\" data-element_type=\"widget\" data-widget_type=\"ha-member.default\">\n\t\t\t\t<div class=\"elementor-widget-container\">\n\t\t\t\n\t\t\t\t\t<figure class=\"ha-member-figure\">\n\t\t\t\t<img width=\"800\" height=\"555\" src=\"https:\/\/ymoov.com\/wp-content\/uploads\/2020\/01\/naidu-1024x711.jpeg\" class=\"elementor-animation-disable-animation attachment-large size-large wp-image-291\" alt=\"\" decoding=\"async\" srcset=\"https:\/\/ymoov.com\/wp-content\/uploads\/2020\/01\/naidu-1024x711.jpeg 1024w, https:\/\/ymoov.com\/wp-content\/uploads\/2020\/01\/naidu-300x208.jpeg 300w, https:\/\/ymoov.com\/wp-content\/uploads\/2020\/01\/naidu-768x533.jpeg 768w, https:\/\/ymoov.com\/wp-content\/uploads\/2020\/01\/naidu-500x347.jpeg 500w, https:\/\/ymoov.com\/wp-content\/uploads\/2020\/01\/naidu-800x555.jpeg 800w, https:\/\/ymoov.com\/wp-content\/uploads\/2020\/01\/naidu-640x444.jpeg 640w, https:\/\/ymoov.com\/wp-content\/uploads\/2020\/01\/naidu.jpeg 1039w\" sizes=\"(max-width: 800px) 100vw, 800px\" \/>\t\t\t<\/figure>\n\t\t\n\t\t<div class=\"ha-member-body\">\n\t\t\t<h2 class=\"ha-member-name\">Naidu Salamanca<\/h2>\n\t\t\t\t\t\t\t<div class=\"ha-member-position\">Artista plastica<\/div>\n\t\t\t\n\t\t\t\n\t\t\t\n\t\t\t\n\t\t\t\t\t<\/div>\n\t\t\t\t<\/div>\n\t\t\t\t<\/div>\n\t\t\t\t\t<\/div>\n\t\t<\/div>\n\t\t\t\t<div class=\"elementor-column elementor-col-25 elementor-inner-column elementor-element elementor-element-42fe26ac\" data-id=\"42fe26ac\" data-element_type=\"column\">\n\t\t\t<div class=\"elementor-widget-wrap elementor-element-populated\">\n\t\t\t\t\t\t<div class=\"elementor-element elementor-element-afbecfb elementor-widget elementor-widget-ha-member happy-addon ha-member\" data-id=\"afbecfb\" data-element_type=\"widget\" data-widget_type=\"ha-member.default\">\n\t\t\t\t<div class=\"elementor-widget-container\">\n\t\t\t\n\t\t\t\t\t<figure class=\"ha-member-figure\">\n\t\t\t\t<img loading=\"lazy\" width=\"640\" height=\"640\" src=\"https:\/\/ymoov.com\/wp-content\/uploads\/2022\/01\/Deyd-1.jpeg\" class=\"elementor-animation-disable-animation attachment-large size-large wp-image-1068\" alt=\"\" decoding=\"async\" srcset=\"https:\/\/ymoov.com\/wp-content\/uploads\/2022\/01\/Deyd-1.jpeg 640w, https:\/\/ymoov.com\/wp-content\/uploads\/2022\/01\/Deyd-1-300x300.jpeg 300w, https:\/\/ymoov.com\/wp-content\/uploads\/2022\/01\/Deyd-1-150x150.jpeg 150w, https:\/\/ymoov.com\/wp-content\/uploads\/2022\/01\/Deyd-1-500x500.jpeg 500w\" sizes=\"(max-width: 640px) 100vw, 640px\" \/>\t\t\t<\/figure>\n\t\t\n\t\t<div class=\"ha-member-body\">\n\t\t\t<h2 class=\"ha-member-name\">Deyd Castillo<\/h2>\n\t\t\t\t\t\t\t<div class=\"ha-member-position\"><span><span style=\"font-size: 10pt;font-family: Roboto, sans-serif;vertical-align: baseline\">Ensamble sonoro<\/span><\/span><\/div>\n\t\t\t\n\t\t\t\n\t\t\t\n\t\t\t\n\t\t\t\t\t<\/div>\n\t\t\t\t<\/div>\n\t\t\t\t<\/div>\n\t\t\t\t\t<\/div>\n\t\t<\/div>\n\t\t\t\t<div class=\"elementor-column elementor-col-25 elementor-inner-column elementor-element elementor-element-7f752e0e\" data-id=\"7f752e0e\" data-element_type=\"column\">\n\t\t\t<div class=\"elementor-widget-wrap elementor-element-populated\">\n\t\t\t\t\t\t<div class=\"elementor-element elementor-element-707bdd25 elementor-widget elementor-widget-ha-member happy-addon ha-member\" data-id=\"707bdd25\" data-element_type=\"widget\" data-widget_type=\"ha-member.default\">\n\t\t\t\t<div class=\"elementor-widget-container\">\n\t\t\t\n\t\t\t\t\t<figure class=\"ha-member-figure\">\n\t\t\t\t<img loading=\"lazy\" width=\"800\" height=\"600\" src=\"https:\/\/ymoov.com\/wp-content\/uploads\/2022\/01\/naty-1-1024x768.jpeg\" class=\"elementor-animation-disable-animation attachment-large size-large wp-image-1069\" alt=\"\" decoding=\"async\" srcset=\"https:\/\/ymoov.com\/wp-content\/uploads\/2022\/01\/naty-1-1024x768.jpeg 1024w, https:\/\/ymoov.com\/wp-content\/uploads\/2022\/01\/naty-1-300x225.jpeg 300w, https:\/\/ymoov.com\/wp-content\/uploads\/2022\/01\/naty-1-768x576.jpeg 768w, https:\/\/ymoov.com\/wp-content\/uploads\/2022\/01\/naty-1-500x375.jpeg 500w, https:\/\/ymoov.com\/wp-content\/uploads\/2022\/01\/naty-1-800x600.jpeg 800w, https:\/\/ymoov.com\/wp-content\/uploads\/2022\/01\/naty-1.jpeg 1080w\" sizes=\"(max-width: 800px) 100vw, 800px\" \/>\t\t\t<\/figure>\n\t\t\n\t\t<div class=\"ha-member-body\">\n\t\t\t<h2 class=\"ha-member-name\">Nataly Sarmiento<\/h2>\n\t\t\t\t\t\t\t<div class=\"ha-member-position\"><span style=\"font-size: 13.3333px\">Colaboraci\u00f3n de gesti\u00f3n de medios<\/span><\/div>\n\t\t\t\n\t\t\t\n\t\t\t\n\t\t\t\n\t\t\t\t\t<\/div>\n\t\t\t\t<\/div>\n\t\t\t\t<\/div>\n\t\t\t\t\t<\/div>\n\t\t<\/div>\n\t\t\t\t<div class=\"elementor-column elementor-col-25 elementor-inner-column elementor-element elementor-element-ef252b2\" data-id=\"ef252b2\" data-element_type=\"column\">\n\t\t\t<div class=\"elementor-widget-wrap elementor-element-populated\">\n\t\t\t\t\t\t<div class=\"elementor-element elementor-element-b8a1e56 elementor-widget elementor-widget-ha-member happy-addon ha-member\" data-id=\"b8a1e56\" data-element_type=\"widget\" data-widget_type=\"ha-member.default\">\n\t\t\t\t<div class=\"elementor-widget-container\">\n\t\t\t\n\t\t\t\t\t<figure class=\"ha-member-figure\">\n\t\t\t\t<img loading=\"lazy\" width=\"654\" height=\"654\" src=\"https:\/\/ymoov.com\/wp-content\/uploads\/2022\/01\/moni.jpeg\" class=\"elementor-animation-disable-animation attachment-large size-large wp-image-1070\" alt=\"\" decoding=\"async\" srcset=\"https:\/\/ymoov.com\/wp-content\/uploads\/2022\/01\/moni.jpeg 654w, https:\/\/ymoov.com\/wp-content\/uploads\/2022\/01\/moni-300x300.jpeg 300w, https:\/\/ymoov.com\/wp-content\/uploads\/2022\/01\/moni-150x150.jpeg 150w, https:\/\/ymoov.com\/wp-content\/uploads\/2022\/01\/moni-500x500.jpeg 500w\" sizes=\"(max-width: 654px) 100vw, 654px\" \/>\t\t\t<\/figure>\n\t\t\n\t\t<div class=\"ha-member-body\">\n\t\t\t<h2 class=\"ha-member-name\">Monica Herrera<\/h2>\n\t\t\t\t\t\t\t<div class=\"ha-member-position\"><span style=\"font-size: 13.3333px\">Asistencia de producci\u00f3n<\/span><\/div>\n\t\t\t\n\t\t\t\n\t\t\t\n\t\t\t\n\t\t\t\t\t<\/div>\n\t\t\t\t<\/div>\n\t\t\t\t<\/div>\n\t\t\t\t\t<\/div>\n\t\t<\/div>\n\t\t\t\t\t<\/div>\n\t\t<\/section>\n\t\t\t\t\t<\/div>\n\t\t<\/div>\n\t\t\t\t\t<\/div>\n\t\t<\/section>\n\t\t\t\t<\/div>\n\t\t","protected":false},"excerpt":{"rendered":"<p>Primer Cero Repositorio Desde la compa\u00f1\u00eda Ymoov, nos complace hacer p\u00fablico todos los componentes que conforman nuestra m\u00e1s reciente creaci\u00f3n\u00a0Primer Cero: una insta-acci\u00f3n transdisciplinar que integra danza, ciencia y tecnolog\u00eda e invita a reflexionar sobre la concepci\u00f3n de nuestro Origen. Nuestra obra cuenta con un formato*Open Source*, lo que significa que todos los desarrollos de [&hellip;]<\/p>\n","protected":false},"author":1,"featured_media":1128,"parent":1004,"menu_order":0,"comment_status":"closed","ping_status":"closed","template":"elementor_header_footer","meta":{"_vp_format_video_url":"","_vp_image_focal_point":[]},"_links":{"self":[{"href":"https:\/\/ymoov.com\/es\/wp-json\/wp\/v2\/pages\/1006"}],"collection":[{"href":"https:\/\/ymoov.com\/es\/wp-json\/wp\/v2\/pages"}],"about":[{"href":"https:\/\/ymoov.com\/es\/wp-json\/wp\/v2\/types\/page"}],"author":[{"embeddable":true,"href":"https:\/\/ymoov.com\/es\/wp-json\/wp\/v2\/users\/1"}],"replies":[{"embeddable":true,"href":"https:\/\/ymoov.com\/es\/wp-json\/wp\/v2\/comments?post=1006"}],"version-history":[{"count":0,"href":"https:\/\/ymoov.com\/es\/wp-json\/wp\/v2\/pages\/1006\/revisions"}],"up":[{"embeddable":true,"href":"https:\/\/ymoov.com\/es\/wp-json\/wp\/v2\/pages\/1004"}],"wp:featuredmedia":[{"embeddable":true,"href":"https:\/\/ymoov.com\/es\/wp-json\/wp\/v2\/media\/1128"}],"wp:attachment":[{"href":"https:\/\/ymoov.com\/es\/wp-json\/wp\/v2\/media?parent=1006"}],"curies":[{"name":"wp","href":"https:\/\/api.w.org\/{rel}","templated":true}]}}